{"id":648,"date":"2021-09-16T19:43:18","date_gmt":"2021-09-16T19:43:18","guid":{"rendered":"https:\/\/inventionbio.pl\/marcin-lukaszewicz\/"},"modified":"2021-09-23T17:49:20","modified_gmt":"2021-09-23T17:49:20","slug":"marcin-lukaszewicz","status":"publish","type":"page","link":"https:\/\/inventionbio.pl\/en\/about-us\/marcin-lukaszewicz\/","title":{"rendered":"Marcin \u0141ukaszewicz"},"content":{"rendered":"<p>[et_pb_section fb_built=&#8221;1&#8243; _builder_version=&#8221;4.10.5&#8243; _module_preset=&#8221;default&#8221; global_colors_info=&#8221;{}&#8221;][et_pb_row column_structure=&#8221;3_4,1_4&#8243; _builder_version=&#8221;4.10.5&#8243; _module_preset=&#8221;default&#8221; custom_padding=&#8221;0px||0px||true|false&#8221; global_colors_info=&#8221;{}&#8221;][et_pb_column type=&#8221;3_4&#8243; _builder_version=&#8221;4.10.5&#8243; _module_preset=&#8221;default&#8221; global_colors_info=&#8221;{}&#8221;][et_pb_post_title meta=&#8221;off&#8221; featured_image=&#8221;off&#8221; module_id=&#8221;tytul-strony&#8221; _builder_version=&#8221;4.10.5&#8243; _module_preset=&#8221;default&#8221; title_text_color=&#8221;#FFFFFF&#8221; title_font_size=&#8221;45px&#8221; background_color=&#8221;#1C3761&#8243; background_image=&#8221;https:\/\/inventionbio.pl\/wp-content\/uploads\/2021\/08\/line-divider-green.svg&#8221; background_size=&#8221;initial&#8221; background_position=&#8221;bottom_left&#8221; custom_margin=&#8221;||||false|false&#8221; custom_padding=&#8221;2em|4em|2em|4em|true|true&#8221; hover_transition_speed_curve=&#8221;ease-in-out&#8221; border_radii=&#8221;off|60px||60px|&#8221; global_colors_info=&#8221;{}&#8221;][\/et_pb_post_title][\/et_pb_column][et_pb_column type=&#8221;1_4&#8243; _builder_version=&#8221;4.10.5&#8243; _module_preset=&#8221;default&#8221; global_colors_info=&#8221;{}&#8221;][et_pb_image src=&#8221;https:\/\/inventionbio.pl\/wp-content\/uploads\/2021\/08\/marcin-lukaszewicz-team.png&#8221; title_text=&#8221;marcin-lukaszewicz-team&#8221; align=&#8221;center&#8221; _builder_version=&#8221;4.10.6&#8243; _module_preset=&#8221;default&#8221; global_colors_info=&#8221;{}&#8221;][\/et_pb_image][\/et_pb_column][\/et_pb_row][\/et_pb_section][et_pb_section fb_built=&#8221;1&#8243; _builder_version=&#8221;4.10.6&#8243; _module_preset=&#8221;default&#8221; background_color=&#8221;#FFFFFF&#8221; width=&#8221;80%&#8221; width_tablet=&#8221;90%&#8221; width_phone=&#8221;&#8221; width_last_edited=&#8221;on|phone&#8221; max_width=&#8221;1140px&#8221; max_width_tablet=&#8221;90%&#8221; max_width_phone=&#8221;&#8221; max_width_last_edited=&#8221;on|tablet&#8221; module_alignment=&#8221;center&#8221; custom_margin=&#8221;||4em||false|false&#8221; custom_padding=&#8221;1em|1em|1em|1em|true|true&#8221; border_radii=&#8221;off|60px||60px|&#8221; box_shadow_style=&#8221;preset1&#8243; global_colors_info=&#8221;{}&#8221;][et_pb_row _builder_version=&#8221;4.10.6&#8243; _module_preset=&#8221;default&#8221; width=&#8221;90%&#8221; custom_margin_tablet=&#8221;&#8221; custom_margin_phone=&#8221;&#8221; custom_margin_last_edited=&#8221;on|phone&#8221; custom_padding=&#8221;||0px||false|false&#8221; global_colors_info=&#8221;{}&#8221;][et_pb_column type=&#8221;4_4&#8243; _builder_version=&#8221;4.10.5&#8243; _module_preset=&#8221;default&#8221; global_colors_info=&#8221;{}&#8221;][et_pb_text _builder_version=&#8221;4.10.6&#8243; _module_preset=&#8221;default&#8221; custom_margin_tablet=&#8221;&#8221; custom_margin_phone=&#8221;&#8221; custom_margin_last_edited=&#8221;on|tablet&#8221; custom_padding_tablet=&#8221;&#8221; custom_padding_phone=&#8221;&#8221; custom_padding_last_edited=&#8221;on|tablet&#8221; global_colors_info=&#8221;{}&#8221;]<\/p>\n<h2>Biography<\/h2>\n<p>[\/et_pb_text][\/et_pb_column][\/et_pb_row][et_pb_row _builder_version=&#8221;4.10.6&#8243; _module_preset=&#8221;default&#8221; width=&#8221;90%&#8221; global_colors_info=&#8221;{}&#8221;][et_pb_column type=&#8221;4_4&#8243; _builder_version=&#8221;4.10.5&#8243; _module_preset=&#8221;default&#8221; global_colors_info=&#8221;{}&#8221;][et_pb_text _builder_version=&#8221;4.10.6&#8243; _module_preset=&#8221;default&#8221; global_colors_info=&#8221;{}&#8221;]<\/p>\n<p>Prof. dr hab. Eng., a graduate of the Faculty of Agriculture at the Agricultural University of Wroc\u0142aw and the Faculty of Sciences of Naturelles Appliqu\u00e9es, at the Universit\u00e9 Catholique de Louvain. PhD student at Universit\u00e9 Catholique de Louvain, Sciences Naturelles Appliqu\u00e9es, Unit\u00e9 de Biochimie Physiologique under the supervision of Professor Marc Boutra. From 1990, he was associated with the University of Wroc\u0142aw, where he held the following functions: assistant at the Institute of Microbiology, assistant professor, deputy director of the Institute. Currently, he is the Head of the Department of Biotransformation at the Faculty of Biotechnology of the University of Wroc\u0142aw. In 2008-2012, he was a member of the Senate Personnel and Employment Committee. In the years 2012-2016, the dean of the Faculty of Biotechnology at the University of Wroc\u0142aw and a member of the Senate Finance Committee. Representative of the Dean of the Faculty of Biotechnology of the University of Wroc\u0142aw for GMO matters. Rector&#8217;s proxy to represent the University of Wroc\u0142aw in the Nutribiomed cluster at the Wroc\u0142aw Technology Park. Head of the Wroc\u0142aw Biotechnology Center KNOW. From 2015, associate professor at the Faculty of Biotechnology of the University of Wroc\u0142aw. Author of many scientific publications, mainly in the field of biotechnology. Winner of many scientific awards. Currently, the Chief Executive Officer of InventionBio S. A.<\/p>\n<p>[\/et_pb_text][\/et_pb_column][\/et_pb_row][\/et_pb_section]<\/p>\n","protected":false},"excerpt":{"rendered":"<p>BiographyProf. dr hab. Eng., a graduate of the Faculty of Agriculture at the Agricultural University of Wroc\u0142aw and the Faculty of Sciences of Naturelles Appliqu\u00e9es, at the Universit\u00e9 Catholique de Louvain. PhD student at Universit\u00e9 Catholique de Louvain, Sciences Naturelles Appliqu\u00e9es, Unit\u00e9 de Biochimie Physiologique under the supervision of Professor Marc Boutra. From 1990, he [&hellip;]<\/p>\n","protected":false},"author":1,"featured_media":0,"parent":784,"menu_order":0,"comment_status":"closed","ping_status":"closed","template":"","meta":{"_et_pb_use_builder":"on","_et_pb_old_content":"","_et_gb_content_width":"","footnotes":""},"class_list":["post-648","page","type-page","status-publish","hentry"],"_links":{"self":[{"href":"https:\/\/inventionbio.pl\/en\/wp-json\/wp\/v2\/pages\/648","targetHints":{"allow":["GET"]}}],"collection":[{"href":"https:\/\/inventionbio.pl\/en\/wp-json\/wp\/v2\/pages"}],"about":[{"href":"https:\/\/inventionbio.pl\/en\/wp-json\/wp\/v2\/types\/page"}],"author":[{"embeddable":true,"href":"https:\/\/inventionbio.pl\/en\/wp-json\/wp\/v2\/users\/1"}],"replies":[{"embeddable":true,"href":"https:\/\/inventionbio.pl\/en\/wp-json\/wp\/v2\/comments?post=648"}],"version-history":[{"count":14,"href":"https:\/\/inventionbio.pl\/en\/wp-json\/wp\/v2\/pages\/648\/revisions"}],"predecessor-version":[{"id":900,"href":"https:\/\/inventionbio.pl\/en\/wp-json\/wp\/v2\/pages\/648\/revisions\/900"}],"up":[{"embeddable":true,"href":"https:\/\/inventionbio.pl\/en\/wp-json\/wp\/v2\/pages\/784"}],"wp:attachment":[{"href":"https:\/\/inventionbio.pl\/en\/wp-json\/wp\/v2\/media?parent=648"}],"curies":[{"name":"wp","href":"https:\/\/api.w.org\/{rel}","templated":true}]}}