{"id":666,"date":"2021-09-16T19:48:49","date_gmt":"2021-09-16T19:48:49","guid":{"rendered":"https:\/\/inventionbio.pl\/artur-bielski\/"},"modified":"2021-09-23T18:04:31","modified_gmt":"2021-09-23T18:04:31","slug":"artur-bielski","status":"publish","type":"page","link":"https:\/\/inventionbio.pl\/en\/about-us\/artur-bielski\/","title":{"rendered":"Artur Bielski"},"content":{"rendered":"<p>[et_pb_section fb_built=&#8221;1&#8243; _builder_version=&#8221;4.10.5&#8243; _module_preset=&#8221;default&#8221; global_colors_info=&#8221;{}&#8221;][et_pb_row column_structure=&#8221;3_4,1_4&#8243; _builder_version=&#8221;4.10.5&#8243; _module_preset=&#8221;default&#8221; custom_padding=&#8221;0px||0px||true|false&#8221; global_colors_info=&#8221;{}&#8221;][et_pb_column type=&#8221;3_4&#8243; _builder_version=&#8221;4.10.5&#8243; _module_preset=&#8221;default&#8221; global_colors_info=&#8221;{}&#8221;][et_pb_post_title meta=&#8221;off&#8221; featured_image=&#8221;off&#8221; module_id=&#8221;tytul-strony&#8221; _builder_version=&#8221;4.10.5&#8243; _module_preset=&#8221;default&#8221; title_text_color=&#8221;#FFFFFF&#8221; title_font_size=&#8221;45px&#8221; background_color=&#8221;#1C3761&#8243; background_image=&#8221;https:\/\/inventionbio.pl\/wp-content\/uploads\/2021\/08\/line-divider-green.svg&#8221; background_size=&#8221;initial&#8221; background_position=&#8221;bottom_left&#8221; custom_margin=&#8221;||||false|false&#8221; custom_padding=&#8221;2em|4em|2em|4em|true|true&#8221; hover_transition_speed_curve=&#8221;ease-in-out&#8221; border_radii=&#8221;off|60px||60px|&#8221; global_colors_info=&#8221;{}&#8221;][\/et_pb_post_title][\/et_pb_column][et_pb_column type=&#8221;1_4&#8243; _builder_version=&#8221;4.10.5&#8243; _module_preset=&#8221;default&#8221; global_colors_info=&#8221;{}&#8221;][et_pb_image src=&#8221;https:\/\/inventionbio.pl\/wp-content\/uploads\/\/2021\/09\/mezczyzna1.svg&#8221; title_text=&#8221;mezczyzna1&#8243; align=&#8221;center&#8221; _builder_version=&#8221;4.10.6&#8243; _module_preset=&#8221;default&#8221; hover_enabled=&#8221;0&#8243; global_colors_info=&#8221;{}&#8221; sticky_enabled=&#8221;0&#8243; width=&#8221;150px&#8221;][\/et_pb_image][\/et_pb_column][\/et_pb_row][\/et_pb_section][et_pb_section fb_built=&#8221;1&#8243; _builder_version=&#8221;4.10.6&#8243; _module_preset=&#8221;default&#8221; background_color=&#8221;#FFFFFF&#8221; width=&#8221;80%&#8221; width_tablet=&#8221;90%&#8221; width_phone=&#8221;&#8221; width_last_edited=&#8221;on|phone&#8221; max_width=&#8221;1140px&#8221; max_width_tablet=&#8221;90%&#8221; max_width_phone=&#8221;&#8221; max_width_last_edited=&#8221;on|tablet&#8221; module_alignment=&#8221;center&#8221; custom_margin=&#8221;||4em||false|false&#8221; custom_padding=&#8221;1em|1em|1em|1em|true|true&#8221; border_radii=&#8221;off|60px||60px|&#8221; box_shadow_style=&#8221;preset1&#8243; global_colors_info=&#8221;{}&#8221;][et_pb_row _builder_version=&#8221;4.10.6&#8243; _module_preset=&#8221;default&#8221; width=&#8221;90%&#8221; custom_margin_tablet=&#8221;&#8221; custom_margin_phone=&#8221;&#8221; custom_margin_last_edited=&#8221;on|phone&#8221; custom_padding=&#8221;||0px||false|false&#8221; global_colors_info=&#8221;{}&#8221;][et_pb_column type=&#8221;4_4&#8243; _builder_version=&#8221;4.10.5&#8243; _module_preset=&#8221;default&#8221; global_colors_info=&#8221;{}&#8221;][et_pb_text _builder_version=&#8221;4.10.6&#8243; _module_preset=&#8221;default&#8221; custom_margin_tablet=&#8221;&#8221; custom_margin_phone=&#8221;&#8221; custom_margin_last_edited=&#8221;on|tablet&#8221; custom_padding_tablet=&#8221;&#8221; custom_padding_phone=&#8221;&#8221; custom_padding_last_edited=&#8221;on|tablet&#8221; global_colors_info=&#8221;{}&#8221;]<\/p>\n<h2>Biography<\/h2>\n<p>[\/et_pb_text][\/et_pb_column][\/et_pb_row][et_pb_row _builder_version=&#8221;4.10.6&#8243; _module_preset=&#8221;default&#8221; width=&#8221;90%&#8221; global_colors_info=&#8221;{}&#8221;][et_pb_column type=&#8221;4_4&#8243; _builder_version=&#8221;4.10.5&#8243; _module_preset=&#8221;default&#8221; global_colors_info=&#8221;{}&#8221;][et_pb_text _builder_version=&#8221;4.10.6&#8243; _module_preset=&#8221;default&#8221; global_colors_info=&#8221;{}&#8221;]<\/p>\n<p>A graduate of the Faculty of Economics of the University of Economics in Pozna\u0144, majoring in Finance and Banking, and of the Gda\u0144sk University of Technology &#8211; Postgraduate Study of Management Staff for cooperation with EU structures. Expert in financial and economic analysis, public procurement and aid funds. In his professional career, he was responsible, inter alia, for the processes of consolidation and restructuring of business entities, optimization of costs and organizational structure of enterprises, obtaining sources of external financing and cooperation with financial institutions. He has been gaining professional experience since 1991 in the Bydgoszcz branch of BG\u017b SA, inter alia as a specialist in financial analysis and corporate restructuring, as well as credit verification. From 2003, he worked as the Financial Director in the Le\u015bny Park Kultury i Wypoczynku &#8220;MY\u015aL\u0118CINEK&#8221;, and after 9 years of cooperation, he continued his career as the President of the Management Board of Aquapark Bydgoszcz-My\u015bl\u0119cinek. From 2012, for two years, he was the Vice-President of the Management Board of Kujawsko-Pomorskie Transportu Samochodowego SA. In the years 2008-2015, apart from management functions in companies, he performed the role of Specialist Assessor in the Managing Authority of the ROP of the Kujawsko-Pomorskie Voivodeship, assessing projects implemented with co-financing. He started his career at Boruta-Zachem in 2014, and in April 2016 he was promoted from the position of the Head of the Finance and Accounting Department to the position of Development Director.<\/p>\n<p>[\/et_pb_text][\/et_pb_column][\/et_pb_row][\/et_pb_section]<\/p>\n","protected":false},"excerpt":{"rendered":"<p>BiographyA graduate of the Faculty of Economics of the University of Economics in Pozna\u0144, majoring in Finance and Banking, and of the Gda\u0144sk University of Technology &#8211; Postgraduate Study of Management Staff for cooperation with EU structures. Expert in financial and economic analysis, public procurement and aid funds. In his professional career, he was responsible, [&hellip;]<\/p>\n","protected":false},"author":1,"featured_media":0,"parent":784,"menu_order":0,"comment_status":"closed","ping_status":"closed","template":"","meta":{"_et_pb_use_builder":"on","_et_pb_old_content":"","_et_gb_content_width":"","footnotes":""},"class_list":["post-666","page","type-page","status-publish","hentry"],"_links":{"self":[{"href":"https:\/\/inventionbio.pl\/en\/wp-json\/wp\/v2\/pages\/666","targetHints":{"allow":["GET"]}}],"collection":[{"href":"https:\/\/inventionbio.pl\/en\/wp-json\/wp\/v2\/pages"}],"about":[{"href":"https:\/\/inventionbio.pl\/en\/wp-json\/wp\/v2\/types\/page"}],"author":[{"embeddable":true,"href":"https:\/\/inventionbio.pl\/en\/wp-json\/wp\/v2\/users\/1"}],"replies":[{"embeddable":true,"href":"https:\/\/inventionbio.pl\/en\/wp-json\/wp\/v2\/comments?post=666"}],"version-history":[{"count":6,"href":"https:\/\/inventionbio.pl\/en\/wp-json\/wp\/v2\/pages\/666\/revisions"}],"predecessor-version":[{"id":917,"href":"https:\/\/inventionbio.pl\/en\/wp-json\/wp\/v2\/pages\/666\/revisions\/917"}],"up":[{"embeddable":true,"href":"https:\/\/inventionbio.pl\/en\/wp-json\/wp\/v2\/pages\/784"}],"wp:attachment":[{"href":"https:\/\/inventionbio.pl\/en\/wp-json\/wp\/v2\/media?parent=666"}],"curies":[{"name":"wp","href":"https:\/\/api.w.org\/{rel}","templated":true}]}}