{"id":678,"date":"2021-09-16T19:51:44","date_gmt":"2021-09-16T19:51:44","guid":{"rendered":"https:\/\/inventionbio.pl\/mariusz-korczynski\/"},"modified":"2021-09-23T18:09:44","modified_gmt":"2021-09-23T18:09:44","slug":"mariusz-korczynski","status":"publish","type":"page","link":"https:\/\/inventionbio.pl\/en\/about-us\/mariusz-korczynski\/","title":{"rendered":"Mariusz Korczy\u0144ski"},"content":{"rendered":"<p>[et_pb_section fb_built=&#8221;1&#8243; _builder_version=&#8221;4.10.5&#8243; _module_preset=&#8221;default&#8221; global_colors_info=&#8221;{}&#8221;][et_pb_row column_structure=&#8221;3_4,1_4&#8243; _builder_version=&#8221;4.10.5&#8243; _module_preset=&#8221;default&#8221; custom_padding=&#8221;0px||0px||true|false&#8221; global_colors_info=&#8221;{}&#8221;][et_pb_column type=&#8221;3_4&#8243; _builder_version=&#8221;4.10.5&#8243; _module_preset=&#8221;default&#8221; global_colors_info=&#8221;{}&#8221;][et_pb_post_title meta=&#8221;off&#8221; featured_image=&#8221;off&#8221; module_id=&#8221;tytul-strony&#8221; _builder_version=&#8221;4.10.5&#8243; _module_preset=&#8221;default&#8221; title_text_color=&#8221;#FFFFFF&#8221; title_font_size=&#8221;45px&#8221; background_color=&#8221;#1C3761&#8243; background_image=&#8221;https:\/\/inventionbio.pl\/wp-content\/uploads\/2021\/08\/line-divider-green.svg&#8221; background_size=&#8221;initial&#8221; background_position=&#8221;bottom_left&#8221; custom_margin=&#8221;||||false|false&#8221; custom_padding=&#8221;2em|4em|2em|4em|true|true&#8221; hover_transition_speed_curve=&#8221;ease-in-out&#8221; border_radii=&#8221;off|60px||60px|&#8221; global_colors_info=&#8221;{}&#8221;][\/et_pb_post_title][\/et_pb_column][et_pb_column type=&#8221;1_4&#8243; _builder_version=&#8221;4.10.5&#8243; _module_preset=&#8221;default&#8221; global_colors_info=&#8221;{}&#8221;][et_pb_image src=&#8221;https:\/\/inventionbio.pl\/wp-content\/uploads\/\/2021\/09\/mezczyzna1.svg&#8221; title_text=&#8221;mezczyzna1&#8243; align=&#8221;center&#8221; _builder_version=&#8221;4.10.6&#8243; _module_preset=&#8221;default&#8221; width=&#8221;150px&#8221; global_colors_info=&#8221;{}&#8221;][\/et_pb_image][\/et_pb_column][\/et_pb_row][\/et_pb_section][et_pb_section fb_built=&#8221;1&#8243; _builder_version=&#8221;4.10.6&#8243; _module_preset=&#8221;default&#8221; background_color=&#8221;#FFFFFF&#8221; width=&#8221;80%&#8221; width_tablet=&#8221;90%&#8221; width_phone=&#8221;&#8221; width_last_edited=&#8221;on|phone&#8221; max_width=&#8221;1140px&#8221; max_width_tablet=&#8221;90%&#8221; max_width_phone=&#8221;&#8221; max_width_last_edited=&#8221;on|tablet&#8221; module_alignment=&#8221;center&#8221; custom_margin=&#8221;||4em||false|false&#8221; custom_padding=&#8221;1em|1em|1em|1em|true|true&#8221; border_radii=&#8221;off|60px||60px|&#8221; box_shadow_style=&#8221;preset1&#8243; global_colors_info=&#8221;{}&#8221;][et_pb_row _builder_version=&#8221;4.10.6&#8243; _module_preset=&#8221;default&#8221; width=&#8221;90%&#8221; custom_margin_tablet=&#8221;&#8221; custom_margin_phone=&#8221;&#8221; custom_margin_last_edited=&#8221;on|phone&#8221; custom_padding=&#8221;||0px||false|false&#8221; global_colors_info=&#8221;{}&#8221;][et_pb_column type=&#8221;4_4&#8243; _builder_version=&#8221;4.10.5&#8243; _module_preset=&#8221;default&#8221; global_colors_info=&#8221;{}&#8221;][et_pb_text _builder_version=&#8221;4.10.6&#8243; _module_preset=&#8221;default&#8221; custom_margin_tablet=&#8221;&#8221; custom_margin_phone=&#8221;&#8221; custom_margin_last_edited=&#8221;on|tablet&#8221; custom_padding_tablet=&#8221;&#8221; custom_padding_phone=&#8221;&#8221; custom_padding_last_edited=&#8221;on|tablet&#8221; global_colors_info=&#8221;{}&#8221;]<\/p>\n<h2>Biography<\/h2>\n<p>[\/et_pb_text][\/et_pb_column][\/et_pb_row][et_pb_row _builder_version=&#8221;4.10.6&#8243; _module_preset=&#8221;default&#8221; width=&#8221;90%&#8221; global_colors_info=&#8221;{}&#8221;][et_pb_column type=&#8221;4_4&#8243; _builder_version=&#8221;4.10.5&#8243; _module_preset=&#8221;default&#8221; global_colors_info=&#8221;{}&#8221;][et_pb_text _builder_version=&#8221;4.10.6&#8243; _module_preset=&#8221;default&#8221; hover_enabled=&#8221;0&#8243; global_colors_info=&#8221;{}&#8221; sticky_enabled=&#8221;0&#8243;]<\/p>\n<p>Dr hab. prof. assoc. Wroc\u0142aw University of Environmental and Life Sciences, Department of Environmental Hygiene and Animal Welfare, currently holding the position of the Leader of the Poultry Research Team as part of academic activity. Previously, he gained experience as a scientific and technical specialist in the Department of Experimental Surgery and Biomaterials Research, Medical University of Piast\u00f3w \u015al\u0105skich in Wroc\u0142aw, as well as a specialist in preclinical tests on animals at CarbonMed Sp. z o. o. He completed 3 scientific internships, numerous courses and trainings. He is authorized to plan and perform procedures in animal experiments, and to kill animals used in scientific experiments. 17 years of experience in animal research. Member of scientific organizations: International Society for Animal Hygiene, Polish Society of Veterinary Sciences, World&#8217;s Poultry Science Association. He participated in the implementation of 22 research, and research and development grants. Co-author of three patents and winner of five awards in the field of innovation.<\/p>\n<p>[\/et_pb_text][\/et_pb_column][\/et_pb_row][\/et_pb_section]<\/p>\n","protected":false},"excerpt":{"rendered":"<p>BiographyDr hab. prof. assoc. Wroc\u0142aw University of Environmental and Life Sciences, Department of Environmental Hygiene and Animal Welfare, currently holding the position of the Leader of the Poultry Research Team as part of academic activity. Previously, he gained experience as a scientific and technical specialist in the Department of Experimental Surgery and Biomaterials Research, Medical [&hellip;]<\/p>\n","protected":false},"author":1,"featured_media":0,"parent":784,"menu_order":0,"comment_status":"closed","ping_status":"closed","template":"","meta":{"_et_pb_use_builder":"on","_et_pb_old_content":"","_et_gb_content_width":"","footnotes":""},"class_list":["post-678","page","type-page","status-publish","hentry"],"_links":{"self":[{"href":"https:\/\/inventionbio.pl\/en\/wp-json\/wp\/v2\/pages\/678","targetHints":{"allow":["GET"]}}],"collection":[{"href":"https:\/\/inventionbio.pl\/en\/wp-json\/wp\/v2\/pages"}],"about":[{"href":"https:\/\/inventionbio.pl\/en\/wp-json\/wp\/v2\/types\/page"}],"author":[{"embeddable":true,"href":"https:\/\/inventionbio.pl\/en\/wp-json\/wp\/v2\/users\/1"}],"replies":[{"embeddable":true,"href":"https:\/\/inventionbio.pl\/en\/wp-json\/wp\/v2\/comments?post=678"}],"version-history":[{"count":6,"href":"https:\/\/inventionbio.pl\/en\/wp-json\/wp\/v2\/pages\/678\/revisions"}],"predecessor-version":[{"id":937,"href":"https:\/\/inventionbio.pl\/en\/wp-json\/wp\/v2\/pages\/678\/revisions\/937"}],"up":[{"embeddable":true,"href":"https:\/\/inventionbio.pl\/en\/wp-json\/wp\/v2\/pages\/784"}],"wp:attachment":[{"href":"https:\/\/inventionbio.pl\/en\/wp-json\/wp\/v2\/media?parent=678"}],"curies":[{"name":"wp","href":"https:\/\/api.w.org\/{rel}","templated":true}]}}