{"id":838,"date":"2021-09-19T17:30:50","date_gmt":"2021-09-19T17:30:50","guid":{"rendered":"https:\/\/inventionbio.pl\/career\/"},"modified":"2022-01-04T14:13:30","modified_gmt":"2022-01-04T14:13:30","slug":"career","status":"publish","type":"page","link":"https:\/\/inventionbio.pl\/en\/career\/","title":{"rendered":"Career"},"content":{"rendered":"<p>[et_pb_section fb_built=&#8221;1&#8243; _builder_version=&#8221;4.10.5&#8243; _module_preset=&#8221;default&#8221; global_colors_info=&#8221;{}&#8221; da_is_popup=&#8221;off&#8221; da_exit_intent=&#8221;off&#8221; da_has_close=&#8221;on&#8221; da_alt_close=&#8221;off&#8221; da_dark_close=&#8221;off&#8221; da_not_modal=&#8221;on&#8221; da_is_singular=&#8221;off&#8221; da_with_loader=&#8221;off&#8221; da_has_shadow=&#8221;on&#8221; da_disable_devices=&#8221;off|off|off&#8221;][et_pb_row _builder_version=&#8221;4.10.5&#8243; _module_preset=&#8221;default&#8221; custom_padding=&#8221;0px||0px||true|false&#8221; global_colors_info=&#8221;{}&#8221;][et_pb_column type=&#8221;4_4&#8243; _builder_version=&#8221;4.10.5&#8243; _module_preset=&#8221;default&#8221; global_colors_info=&#8221;{}&#8221;][et_pb_post_title meta=&#8221;off&#8221; featured_image=&#8221;off&#8221; module_id=&#8221;tytul-strony&#8221; _builder_version=&#8221;4.10.5&#8243; _module_preset=&#8221;default&#8221; title_text_color=&#8221;#FFFFFF&#8221; title_font_size=&#8221;45px&#8221; background_color=&#8221;#1C3761&#8243; background_image=&#8221;https:\/\/inventionbio.pl\/wp-content\/uploads\/2021\/08\/line-divider-green.svg&#8221; background_size=&#8221;initial&#8221; background_position=&#8221;bottom_left&#8221; custom_margin=&#8221;||||false|false&#8221; custom_padding=&#8221;2em|4em|2em|4em|true|true&#8221; hover_transition_speed_curve=&#8221;ease-in-out&#8221; border_radii=&#8221;off|60px||60px|&#8221; global_colors_info=&#8221;{}&#8221;][\/et_pb_post_title][\/et_pb_column][\/et_pb_row][\/et_pb_section][et_pb_section fb_built=&#8221;1&#8243; _builder_version=&#8221;4.10.5&#8243; _module_preset=&#8221;default&#8221; background_color=&#8221;#FFFFFF&#8221; width=&#8221;1140px&#8221; width_tablet=&#8221;90%&#8221; width_phone=&#8221;&#8221; width_last_edited=&#8221;on|phone&#8221; max_width=&#8221;1140px&#8221; max_width_tablet=&#8221;90%&#8221; max_width_phone=&#8221;&#8221; max_width_last_edited=&#8221;on|tablet&#8221; module_alignment=&#8221;center&#8221; custom_margin=&#8221;||4em||false|false&#8221; custom_padding=&#8221;1em|1em|1em|1em|true|true&#8221; border_radii=&#8221;off|60px||60px|&#8221; box_shadow_style=&#8221;preset1&#8243; global_colors_info=&#8221;{}&#8221; da_is_popup=&#8221;off&#8221; da_exit_intent=&#8221;off&#8221; da_has_close=&#8221;on&#8221; da_alt_close=&#8221;off&#8221; da_dark_close=&#8221;off&#8221; da_not_modal=&#8221;on&#8221; da_is_singular=&#8221;off&#8221; da_with_loader=&#8221;off&#8221; da_has_shadow=&#8221;on&#8221; da_disable_devices=&#8221;off|off|off&#8221;][et_pb_row column_structure=&#8221;1_2,1_2&#8243; _builder_version=&#8221;4.10.5&#8243; _module_preset=&#8221;default&#8221; width=&#8221;90%&#8221; custom_margin_tablet=&#8221;&#8221; custom_margin_phone=&#8221;&#8221; custom_margin_last_edited=&#8221;on|phone&#8221; custom_padding=&#8221;||0px||false|false&#8221; global_colors_info=&#8221;{}&#8221;][et_pb_column type=&#8221;1_2&#8243; _builder_version=&#8221;4.10.5&#8243; _module_preset=&#8221;default&#8221; global_colors_info=&#8221;{}&#8221;][et_pb_text _builder_version=&#8221;4.10.5&#8243; _module_preset=&#8221;default&#8221; header_2_font_size=&#8221;28px&#8221; background_image=&#8221;https:\/\/inventionbio.pl\/wp-content\/uploads\/\/2021\/08\/line-divider-green.svg&#8221; background_size=&#8221;initial&#8221; background_position=&#8221;top_left&#8221; custom_margin=&#8221;2em||||false|false&#8221; custom_margin_tablet=&#8221;&#8221; custom_margin_phone=&#8221;&#8221; custom_margin_last_edited=&#8221;on|tablet&#8221; custom_padding=&#8221;2em||||false|false&#8221; custom_padding_tablet=&#8221;&#8221; custom_padding_phone=&#8221;&#8221; custom_padding_last_edited=&#8221;on|tablet&#8221; locked=&#8221;off&#8221; global_colors_info=&#8221;{}&#8221;]<\/p>\n<h2>Job in a InventionBio<\/h2>\n<p>[\/et_pb_text][et_pb_text _builder_version=&#8221;4.10.5&#8243; _module_preset=&#8221;default&#8221; header_3_font=&#8221;|300|||||||&#8221; header_3_font_size=&#8221;20px&#8221; custom_margin_tablet=&#8221;&#8221; custom_margin_phone=&#8221;&#8221; custom_margin_last_edited=&#8221;on|tablet&#8221; custom_padding_tablet=&#8221;&#8221; custom_padding_phone=&#8221;&#8221; custom_padding_last_edited=&#8221;on|tablet&#8221; global_colors_info=&#8221;{}&#8221;]<\/p>\n<h3>InventionBio is a dynamically developing company whose ambition and goal is to build the largest biorefinery in Poland. We form a well-coordinated team that we will gladly enrich with new perspectives, ideas and comments.<\/h3>\n<p>[\/et_pb_text][et_pb_blurb use_icon=&#8221;on&#8221; font_icon=&#8221;%%45%%&#8221; icon_color=&#8221;#72B73A&#8221; icon_placement=&#8221;left&#8221; _builder_version=&#8221;4.10.5&#8243; _module_preset=&#8221;default&#8221; global_colors_info=&#8221;{}&#8221;]<\/p>\n<p>If you are passionate about ecological solutions, and would like to do research work, plan experiments, and work in a laboratory to acquire and implement new solutions ? <strong>contact us!<\/strong><\/p>\n<p>[\/et_pb_blurb][et_pb_blurb use_icon=&#8221;on&#8221; font_icon=&#8221;%%45%%&#8221; icon_color=&#8221;#72B73A&#8221; icon_placement=&#8221;left&#8221; _builder_version=&#8221;4.10.5&#8243; _module_preset=&#8221;default&#8221; global_colors_info=&#8221;{}&#8221;]<\/p>\n<p>If you are looking for an interesting place for an internship, stop searching and <strong>contact us<\/strong>.<\/p>\n<p>[\/et_pb_blurb][et_pb_blurb use_icon=&#8221;on&#8221; font_icon=&#8221;%%45%%&#8221; icon_color=&#8221;#72B73A&#8221; icon_placement=&#8221;left&#8221; _builder_version=&#8221;4.10.5&#8243; _module_preset=&#8221;default&#8221; global_colors_info=&#8221;{}&#8221;]<\/p>\n<p>If you dream of a doctorate in industrial biotechnology or related sciences ? <strong>we will help you make your dreams come true<\/strong>. InventionBio cooperates with the staff of the University of Wroc\u0142aw.<\/p>\n<p>[\/et_pb_blurb][et_pb_text _builder_version=&#8221;4.10.5&#8243; _module_preset=&#8221;default&#8221; link_font=&#8221;|700|||on||||&#8221; global_colors_info=&#8221;{}&#8221;]<\/p>\n<p><strong>Thanks to InventionBio you will gain access to modern control and measurement equipment<\/strong><\/p>\n<p>We will gladly enrich our group with new microbiologists, biotechnologists and chemists. Laboratory and industrial equipment specialists are also welcome.<\/p>\n<p>If we are not currently advertising a position that might interest you, don?t worry and write anyway. We look forward to reading your CV.<\/p>\n<p>Write to us at <a href=\"mailto:inventionbio@inventionbio.pl\">inventionbio@inventionbio.pl<\/a><\/p>\n<p>[\/et_pb_text][\/et_pb_column][et_pb_column type=&#8221;1_2&#8243; _builder_version=&#8221;4.10.5&#8243; _module_preset=&#8221;default&#8221; background_color=&#8221;#1C3761&#8243; custom_padding=&#8221;||1em||false|false&#8221; border_radii=&#8221;off|||60px|&#8221; global_colors_info=&#8221;{}&#8221;][et_pb_image src=&#8221;https:\/\/inventionbio.pl\/wp-content\/uploads\/2021\/09\/kariera.jpg&#8221; title_text=&#8221;career&#8221; force_fullwidth=&#8221;on&#8221; _builder_version=&#8221;4.10.5&#8243; _module_preset=&#8221;default&#8221; border_radii=&#8221;off|||60px|&#8221; global_colors_info=&#8221;{}&#8221;][\/et_pb_image][et_pb_kkcomplex_form title=&#8221;Formularz aplikacyjny&#8221; email=&#8221;inventionbio@inventionbio.pl&#8221; subbutton_text=&#8221;Wy\u015blij wiadomo\u015b\u0107&#8221; show_labels=&#8221;off&#8221; module_id=&#8221;kariera-formularz&#8221; form_background_color=&#8221;RGBA(0,0,0,0)&#8221; _builder_version=&#8221;4.10.8&#8243; _module_preset=&#8221;default&#8221; title_font=&#8221;|700|||||||&#8221; title_text_align=&#8221;center&#8221; title_text_color=&#8221;#72B73A&#8221; title_font_size=&#8221;28px&#8221; form_field_text_color=&#8221;#FFFFFF&#8221; form_field_font_size=&#8221;16px&#8221; form_labels_text_color=&#8221;#FFFFFF&#8221; fieldplcholder_text_color=&#8221;#FFFFFF&#8221; custom_button=&#8221;on&#8221; button_text_color=&#8221;#FFFFFF&#8221; button_bg_color=&#8221;#72B73A&#8221; button_border_radius=&#8221;0px&#8221; button_on_hover=&#8221;off&#8221; width=&#8221;90%&#8221; max_width=&#8221;90%&#8221; module_alignment=&#8221;center&#8221; hover_enabled=&#8221;0&#8243; border_width_bottom_fields=&#8221;1px&#8221; border_color_bottom_fields=&#8221;#FFFFFF&#8221; border_color_all_fieldset=&#8221;#FFFFFF&#8221; box_shadow_style_button=&#8221;preset3&#8243; box_shadow_color_button=&#8221;rgba(114,183,58,0.26)&#8221; global_colors_info=&#8221;{}&#8221; sticky_enabled=&#8221;0&#8243;][et_pb_kkcompform_field field_type=&#8221;text&#8221; field_title=&#8221;Imi\u0119&#8221; field_id=&#8221;imie&#8221; notify=&#8221;off&#8221; tab_label=&#8221;Imie&#8221; required=&#8221;on&#8221; reqd_txt=&#8221;*&#8221; module_class=&#8221;bez-podpisu&#8221; _builder_version=&#8221;4.10.5&#8243; _module_preset=&#8221;default&#8221; global_colors_info=&#8221;{}&#8221;][\/et_pb_kkcompform_field][et_pb_kkcompform_field field_type=&#8221;text&#8221; field_title=&#8221;Nazwisko&#8221; field_id=&#8221;nazwisko&#8221; notify=&#8221;off&#8221; tab_label=&#8221;Nazwisko&#8221; required=&#8221;on&#8221; reqd_txt=&#8221;*&#8221; module_class=&#8221;bez-podpisu&#8221; _builder_version=&#8221;4.10.5&#8243; _module_preset=&#8221;default&#8221; global_colors_info=&#8221;{}&#8221;][\/et_pb_kkcompform_field][et_pb_kkcompform_field field_type=&#8221;email&#8221; field_title=&#8221;Adres e-mail&#8221; field_id=&#8221;email&#8221; notify=&#8221;off&#8221; tab_label=&#8221;E-mail&#8221; required=&#8221;on&#8221; reqd_txt=&#8221;*&#8221; module_class=&#8221;bez-podpisu&#8221; _builder_version=&#8221;4.10.5&#8243; _module_preset=&#8221;default&#8221; global_colors_info=&#8221;{}&#8221;][\/et_pb_kkcompform_field][et_pb_kkcompform_field field_type=&#8221;file&#8221; fileupload=&#8221;off|off|off|off|off|off|off|off|off|off|off|off|off|off|off|off|off|off|off|off|off|off|off|off|off|off|off|off|off|off|off|off|off|off|off|off|off|off|off|off|off|off|on|off|off|off|off|off|off|off|on|off|off|off|off|off|on|off|off|off|off|off|off|off|off|off|off|off|off|off|off|off|off|off|off|off|off|off|on|off|off|on|off|off|off|off|off|off|off|off|off|off&#8221; upload_btn=&#8221;Wybierz plik&#8221; uploadsize=&#8221;40000&#8243; field_title=&#8221;CV (pdf, docx &#8211; max 4mb)&#8221; field_id=&#8221;cv&#8221; notify=&#8221;off&#8221; tab_label=&#8221;CV&#8221; required=&#8221;on&#8221; reqd_txt=&#8221;*&#8221; _builder_version=&#8221;4.10.5&#8243; _module_preset=&#8221;default&#8221; global_colors_info=&#8221;{}&#8221;][\/et_pb_kkcompform_field][et_pb_kkcompform_field field_type=&#8221;file&#8221; fileupload=&#8221;off|off|off|off|off|off|off|off|off|off|off|off|off|off|off|off|off|off|off|off|off|off|off|off|off|off|off|off|off|off|off|off|off|off|off|off|off|off|off|off|off|off|on|off|off|off|off|off|off|off|on|off|off|off|off|off|on|off|off|off|off|off|off|off|off|off|off|off|off|off|off|off|off|off|off|off|off|off|on|off|off|on|off|off|off|off|off|off|off|off|off|off&#8221; upload_btn=&#8221;Wybierz plik&#8221; uploadsize=&#8221;40000&#8243; field_title=&#8221;List motywacyjny (pdf, docx &#8211; max 4mb)&#8221; field_id=&#8221;list&#8221; notify=&#8221;off&#8221; tab_label=&#8221;List motywacyjny&#8221; required=&#8221;on&#8221; reqd_txt=&#8221;*&#8221; _builder_version=&#8221;4.10.5&#8243; _module_preset=&#8221;default&#8221; global_colors_info=&#8221;{}&#8221;][\/et_pb_kkcompform_field][et_pb_kkcompform_field field_type=&#8221;accept&#8221; field_title=&#8221;Wyra\u017cam zgod\u0119 na przetwarzanie danych osobowych zgodnie z Ustaw\u0105 o Ochronie Danych Osobowych zawartych w formularzu w zwi\u0105zku z przes\u0142aniem zapytania. Podanie danych jest dobrowolne, ale niezb\u0119dne do przetworzenia zapytania. Zosta\u0142em poinformowany\/a, \u017ce przys\u0142uguje mi prawo dost\u0119pu do swoich danych, mo\u017cliwo\u015bci ich poprawiania, \u017c\u0105dania zaprzestania ich przetwarzania. Administratorem danych osobowych jest InventionBio S. A., Ul. Wojska Polskiego 65, 85-825 Bydgoszcz.&#8221; field_id=&#8221;rodo&#8221; tab_label=&#8221;rodo&#8221; required=&#8221;on&#8221; reqd_txt=&#8221;*&#8221; module_class=&#8221;rodo&#8221; _builder_version=&#8221;4.10.5&#8243; _module_preset=&#8221;default&#8221; global_colors_info=&#8221;{}&#8221;][\/et_pb_kkcompform_field][\/et_pb_kkcomplex_form][\/et_pb_column][\/et_pb_row][\/et_pb_section]<\/p>\n","protected":false},"excerpt":{"rendered":"<p>Job in a InventionBioInventionBio is a dynamically developing company whose ambition and goal is to build the largest biorefinery in Poland. We form a well-coordinated team that we will gladly enrich with new perspectives, ideas and comments.If you are passionate about ecological solutions, and would like to do research work, plan experiments, and work in [&hellip;]<\/p>\n","protected":false},"author":1,"featured_media":0,"parent":0,"menu_order":0,"comment_status":"closed","ping_status":"closed","template":"","meta":{"_et_pb_use_builder":"on","_et_pb_old_content":"","_et_gb_content_width":"","footnotes":""},"class_list":["post-838","page","type-page","status-publish","hentry"],"_links":{"self":[{"href":"https:\/\/inventionbio.pl\/en\/wp-json\/wp\/v2\/pages\/838","targetHints":{"allow":["GET"]}}],"collection":[{"href":"https:\/\/inventionbio.pl\/en\/wp-json\/wp\/v2\/pages"}],"about":[{"href":"https:\/\/inventionbio.pl\/en\/wp-json\/wp\/v2\/types\/page"}],"author":[{"embeddable":true,"href":"https:\/\/inventionbio.pl\/en\/wp-json\/wp\/v2\/users\/1"}],"replies":[{"embeddable":true,"href":"https:\/\/inventionbio.pl\/en\/wp-json\/wp\/v2\/comments?post=838"}],"version-history":[{"count":7,"href":"https:\/\/inventionbio.pl\/en\/wp-json\/wp\/v2\/pages\/838\/revisions"}],"predecessor-version":[{"id":1111,"href":"https:\/\/inventionbio.pl\/en\/wp-json\/wp\/v2\/pages\/838\/revisions\/1111"}],"wp:attachment":[{"href":"https:\/\/inventionbio.pl\/en\/wp-json\/wp\/v2\/media?parent=838"}],"curies":[{"name":"wp","href":"https:\/\/api.w.org\/{rel}","templated":true}]}}