{"id":841,"date":"2021-09-19T17:31:12","date_gmt":"2021-09-19T17:31:12","guid":{"rendered":"https:\/\/inventionbio.pl\/polityka-cookies\/"},"modified":"2021-09-24T14:37:06","modified_gmt":"2021-09-24T14:37:06","slug":"cookie-policy","status":"publish","type":"page","link":"https:\/\/inventionbio.pl\/en\/cookie-policy\/","title":{"rendered":"Cookies policy"},"content":{"rendered":"<p>[et_pb_section fb_built=&#8221;1&#8243; _builder_version=&#8221;4.10.8&#8243; _module_preset=&#8221;default&#8221; da_disable_devices=&#8221;off|off|off&#8221; global_colors_info=&#8221;{}&#8221; da_is_popup=&#8221;off&#8221; da_exit_intent=&#8221;off&#8221; da_has_close=&#8221;on&#8221; da_alt_close=&#8221;off&#8221; da_dark_close=&#8221;off&#8221; da_not_modal=&#8221;on&#8221; da_is_singular=&#8221;off&#8221; da_with_loader=&#8221;off&#8221; da_has_shadow=&#8221;on&#8221;][et_pb_row _builder_version=&#8221;4.10.8&#8243; _module_preset=&#8221;default&#8221; global_colors_info=&#8221;{}&#8221;][et_pb_column type=&#8221;4_4&#8243; _builder_version=&#8221;4.10.8&#8243; _module_preset=&#8221;default&#8221; global_colors_info=&#8221;{}&#8221;][et_pb_text _builder_version=&#8221;4.10.8&#8243; _module_preset=&#8221;default&#8221; global_colors_info=&#8221;{}&#8221;]<\/p>\n<h1>Cookies policy<\/h1>\n<ol>\n<li>Cookie files (so-called &#8220;cookies&#8221;) are IT data, in particular text files, which are stored on the Website User&#8217;s end device and are intended for using the Website&#8217;s pages. Cookies usually contain the name of the website they come from, the storage time on the end device and a unique number.<\/li>\n<li>The entity that places cookies on the Website User&#8217;s end device and obtains access to them is the operator Inventionbio Sp\u00f3\u0142ka Akcyjna with its registered office in Bydgoszcz at the following address: ul. Jak\u00f3ba Hechli\u0144skiego 4, 85-825 Bydgoszcz.<\/li>\n<li>Cookies are used for the following purposes:\n<ol>\n<li>adjusting the content of the Website pages to the User&#8217;s preferences and optimizing the use of websites; in particular, these files enable recognition of the device of the Website User to properly display the website, tailored to his individual needs;<\/li>\n<li>creating statistics that help to understand how Website Users use websites, which allows improving their structure and content;<\/li>\n<li>maintaining the Website User&#8217;s session (after logging in), thanks to which the User does not have to re-enter the login and password on each subpage of the Website;<\/li>\n<\/ol>\n<\/li>\n<li>The Website uses two basic types of cookies: session cookies and persistent cookies. Session cookies are temporary files that are stored on the User&#8217;s end device until logging out, leaving the website or turning off the software (web browser). Persistent cookies are stored on the User&#8217;s end device for the time specified in the cookie file parameters or until they are deleted by the User.<\/li>\n<\/ol>\n<p>&nbsp;<\/p>\n<p>&nbsp;<\/p>\n<ol start=\"5\">\n<li>The Website uses the following types of cookies:\n<ol>\n<li>&#8220;necessary&#8221; cookies, enabling the use of services available on the Website, e.g. authentication cookies used for services that require authentication on the Website;<\/li>\n<li>cookies used to ensure security, e.g. used to detect fraud in the field of authentication on the Website;<\/li>\n<li>&#8220;performance&#8221; cookies, enabling the collection of information on the use of the website pages;<\/li>\n<li>&#8220;functional&#8221; cookies, enabling &#8220;remembering&#8221; the settings selected by the User and personalizing the User&#8217;s interface, e.g. in terms of the selected language or region from which the User comes, font size, website appearance, etc.<\/li>\n<\/ol>\n<\/li>\n<\/ol>\n<p>&nbsp;<\/p>\n<ol start=\"6\">\n<li>In many cases, the software used for browsing websites (web browser) allows cookies to be stored on the User&#8217;s end device by default. Website users can change their cookie settings at any time. These settings can be changed in such a way as to block the automatic handling of cookies in the web browser settings, or inform about their every posting on the Website User&#8217;s device. Detailed information on the possibilities and methods of handling cookies is available in the software (web browser) settings, for example:<\/li>\n<\/ol>\n<p>in Microsoft Internet Explorer<\/p>\n<p>in Microsoft Edge<\/p>\n<p>in Mozilla Firefox<\/p>\n<p>in Google Chrome<\/p>\n<p>in Apple Safari<\/p>\n<p>&nbsp;<\/p>\n<ol start=\"7\">\n<li>The website operator informs that restricting the use of cookies may affect some of the functionalities available on the website pages.<\/li>\n<\/ol>\n<p>&nbsp;<\/p>\n<ol start=\"8\">\n<li>Cookies placed on the Website User&#8217;s end device may also be used by partners cooperating with the operator.<\/li>\n<li>More information on cookies is available in the &#8220;Help&#8221; section in the browser&#8217;s menu.<\/li>\n<\/ol>\n<p>&nbsp;<\/p>\n<p>&nbsp;<\/p>\n<p>[\/et_pb_text][\/et_pb_column][\/et_pb_row][\/et_pb_section]<\/p>\n","protected":false},"excerpt":{"rendered":"<p>Cookies policy Cookie files (so-called &#8220;cookies&#8221;) are IT data, in particular text files, which are stored on the Website User&#8217;s end device and are intended for using the Website&#8217;s pages. Cookies usually contain the name of the website they come from, the storage time on the end device and a unique number. The entity that [&hellip;]<\/p>\n","protected":false},"author":1,"featured_media":0,"parent":0,"menu_order":0,"comment_status":"closed","ping_status":"closed","template":"","meta":{"_et_pb_use_builder":"on","_et_pb_old_content":"","_et_gb_content_width":"","footnotes":""},"class_list":["post-841","page","type-page","status-publish","hentry"],"_links":{"self":[{"href":"https:\/\/inventionbio.pl\/en\/wp-json\/wp\/v2\/pages\/841","targetHints":{"allow":["GET"]}}],"collection":[{"href":"https:\/\/inventionbio.pl\/en\/wp-json\/wp\/v2\/pages"}],"about":[{"href":"https:\/\/inventionbio.pl\/en\/wp-json\/wp\/v2\/types\/page"}],"author":[{"embeddable":true,"href":"https:\/\/inventionbio.pl\/en\/wp-json\/wp\/v2\/users\/1"}],"replies":[{"embeddable":true,"href":"https:\/\/inventionbio.pl\/en\/wp-json\/wp\/v2\/comments?post=841"}],"version-history":[{"count":4,"href":"https:\/\/inventionbio.pl\/en\/wp-json\/wp\/v2\/pages\/841\/revisions"}],"predecessor-version":[{"id":1015,"href":"https:\/\/inventionbio.pl\/en\/wp-json\/wp\/v2\/pages\/841\/revisions\/1015"}],"wp:attachment":[{"href":"https:\/\/inventionbio.pl\/en\/wp-json\/wp\/v2\/media?parent=841"}],"curies":[{"name":"wp","href":"https:\/\/api.w.org\/{rel}","templated":true}]}}